{"id":2,"date":"2014-06-02T19:59:23","date_gmt":"2014-06-02T19:59:23","guid":{"rendered":"http:\/\/neu.suria.at\/?page_id=2"},"modified":"2022-10-09T10:28:52","modified_gmt":"2022-10-09T08:28:52","slug":"beispiel-seite","status":"publish","type":"page","link":"https:\/\/www.suria.at\/?page_id=2","title":{"rendered":"Die Autorin"},"content":{"rendered":"\n<figure class=\"wp-block-image size-full\"><a href=\"https:\/\/www.suria.at\/wp-content\/uploads\/2022\/10\/susi_web.jpg\"><img loading=\"lazy\" decoding=\"async\" width=\"600\" height=\"795\" src=\"https:\/\/www.suria.at\/wp-content\/uploads\/2022\/10\/susi_web.jpg\" alt=\"\" class=\"wp-image-1517\" srcset=\"https:\/\/www.suria.at\/wp-content\/uploads\/2022\/10\/susi_web.jpg 600w, https:\/\/www.suria.at\/wp-content\/uploads\/2022\/10\/susi_web-226x300.jpg 226w\" sizes=\"auto, (max-width: 600px) 100vw, 600px\" \/><\/a><\/figure>\n\n\n<p><strong>Susanne Dirr<\/strong>, geboren 1958 in Hall in Tirol, lebt seit 1982 in <span style=\"text-decoration: underline;\"><span style=\"color: #808080;\"><a title=\"Vils\" href=\"http:\/\/www.vils.at\" target=\"_blank\" rel=\"noopener\"><span style=\"color: #808080; text-decoration: underline;\">Vils<\/span><\/a><\/span><\/span>, verheiratet, zwei S\u00f6hne, war Lehrerin an der MS-Vils, wichtig sind ihr jetzt vor allem Familie, Garten, Freunde, Chor Vils-stimmig, Hammerschmiede Vils &#8230; und nat\u00fcrlich Lesen und Schreiben!<\/p>\n<p><strong>Zahlreiche Ver\u00f6ffentlichungen&nbsp;im Suria-Verlag:<\/strong><\/p>\n<ul>\n<li><a href=\"http:\/\/www.suria.at\/?p=93\">ernstheiter (Gedichte) 2001<\/a><\/li>\n<li><a href=\"http:\/\/www.suria.at\/?p=45\">Spann deine Schwingen (Roman) 2001<\/a><\/li>\n<li><a href=\"http:\/\/www.suria.at\/?p=66\">Das kurze Gl\u00fcck der Hibiskusbl\u00fcte (Roman) 2001<\/a><\/li>\n<li><a href=\"http:\/\/www.suria.at\/?p=101\">Mondgeliebte (Roman) 2003<\/a><\/li>\n<li><a href=\"http:\/\/www.suria.at\/?p=53\">Wenn die Traumuhr ein Seil ins Leben spannt (Gedichte- Gedanken- Geschichten) 2005<\/a><\/li>\n<li><a href=\"http:\/\/www.suria.at\/?p=106\">Es hat sich er\u00f6ffnet&#8230; (Weihnachtsbuch) 2009<\/a><\/li>\n<li><a href=\"http:\/\/www.suria.at\/?p=89\">Vollmond 4 Life (Jugendroman) 2014<\/a><\/li>\n<li><a href=\"http:\/\/www.suria.at\/?p=450\">Vilser Mundart W\u00f6rterbuch (Co-Kreation mit Robert Keller) 2016<\/a><\/li>\n<li><a href=\"http:\/\/www.suria.at\/?p=1124\">Komm auf meine Gartenbank (Gedanken und Gedichte) 2019<\/a><\/li>\n<\/ul>\n<p>Weiters publiziert in der Lyrik-Anthologie der Bibliothek der deutschsprachigen Gedichte, sowie in Literaturzeitschriften und lokalen Printmedien. Mitglied der Gesellschaft der Lyrikfreunde.<\/p>\n<p><\/p>","protected":false},"excerpt":{"rendered":"<p>Susanne Dirr, geboren 1958 in Hall in Tirol, lebt seit 1982 in Vils, verheiratet, zwei S\u00f6hne, war Lehrerin an der MS-Vils, wichtig sind ihr jetzt vor allem Familie, Garten, Freunde, Chor Vils-stimmig, Hammerschmiede Vils &#8230; und nat\u00fcrlich Lesen und Schreiben! Zahlreiche Ver\u00f6ffentlichungen&nbsp;im Suria-Verlag: ernstheiter (Gedichte) 2001 Spann deine Schwingen (Roman) 2001 Das kurze Gl\u00fcck der [&hellip;]<\/p>\n","protected":false},"author":1,"featured_media":0,"parent":0,"menu_order":0,"comment_status":"closed","ping_status":"open","template":"","meta":{"footnotes":""},"class_list":["post-2","page","type-page","status-publish","hentry"],"_links":{"self":[{"href":"https:\/\/www.suria.at\/index.php?rest_route=\/wp\/v2\/pages\/2","targetHints":{"allow":["GET"]}}],"collection":[{"href":"https:\/\/www.suria.at\/index.php?rest_route=\/wp\/v2\/pages"}],"about":[{"href":"https:\/\/www.suria.at\/index.php?rest_route=\/wp\/v2\/types\/page"}],"author":[{"embeddable":true,"href":"https:\/\/www.suria.at\/index.php?rest_route=\/wp\/v2\/users\/1"}],"replies":[{"embeddable":true,"href":"https:\/\/www.suria.at\/index.php?rest_route=%2Fwp%2Fv2%2Fcomments&post=2"}],"version-history":[{"count":30,"href":"https:\/\/www.suria.at\/index.php?rest_route=\/wp\/v2\/pages\/2\/revisions"}],"predecessor-version":[{"id":1519,"href":"https:\/\/www.suria.at\/index.php?rest_route=\/wp\/v2\/pages\/2\/revisions\/1519"}],"wp:attachment":[{"href":"https:\/\/www.suria.at\/index.php?rest_route=%2Fwp%2Fv2%2Fmedia&parent=2"}],"curies":[{"name":"wp","href":"https:\/\/api.w.org\/{rel}","templated":true}]}}