{"id":1033,"date":"2019-11-16T18:15:15","date_gmt":"2019-11-16T16:15:15","guid":{"rendered":"http:\/\/www.suria.at\/?page_id=1033"},"modified":"2019-11-17T15:37:31","modified_gmt":"2019-11-17T13:37:31","slug":"buecher","status":"publish","type":"page","link":"https:\/\/www.suria.at\/?page_id=1033","title":{"rendered":"B\u00fccher"},"content":{"rendered":"<p><strong>Gedichte und Gedanken<\/strong><\/p>\n<p><a href=\"http:\/\/www.suria.at\/?p=1124\">Komm auf meine Gartenbank<\/a><br \/>\n<em>\u201eGespr\u00e4che auf der Gartenbank\u201c &#8211; Wie die Natur des Gartens ver\u00e4ndern auch wir uns!<\/em><\/p>\n<p><a href=\"http:\/\/www.suria.at\/?p=106\">Es hat sich er\u00f6ffnet &#8230;<\/a><br \/>\n<em>\u2026- eine neue Zeit? Eine neue Sicht der Dinge? Der Himmel?<\/em><\/p>\n<p><a href=\"http:\/\/www.suria.at\/?p=93\">ernstheiter<\/a><br \/>\n<em>&#8222;originelle, stimmige Texte, in sch\u00f6nen Bildern kommt pulsierendes Leben hervor!&#8220;<\/em><\/p>\n<p><a href=\"http:\/\/www.suria.at\/?p=53\">Wenn die Traumuhr ein Seil ins Leben spannt<\/a><br \/>\n<em>In Gedichten, Gedanken und Geschichten kommt zur Sprache, womit wir in den unterschiedlichsten Lebenssituationen zu tun haben.<\/em><\/p>\n<hr \/>\n<p>&nbsp;<\/p>\n<p><strong>Romane<\/strong><\/p>\n<p><a href=\"http:\/\/www.suria.at\/?p=101\">Mondgeliebte<\/a><br \/>\n<em>Die Mondgeliebe ist kurz gesagt: unheimlichspannend und bewegend zugleich!<\/em><\/p>\n<p><a href=\"http:\/\/www.suria.at\/?p=66\">Das kurze Gl\u00fcck der Hibiskusbl\u00fcte<\/a><br \/>\n<em>\u201eDas Leben ist zu bemessen, um auf eine gro\u00dfe Zeit zu warten. Was z\u00e4hlt, ist das kurze Gl\u00fcck der Hibiskusbl\u00fcte.\u201c<\/em><\/p>\n<p><a href=\"http:\/\/www.suria.at\/?p=45\">Spann deine Schwingen<\/a><br \/>\n<em>Mit \u201eSpann deine Schwingen\u201c ist Susanne Dirr ein Entwicklungsroman gelungen, der besonders durch die sensible Art, die verschiedenen Generationen in Beziehung zu bringen und sie voneinander profitieren zu lassen, besticht. (welt der frau)<\/em><\/p>\n<hr \/>\n<p>&nbsp;<\/p>\n<p><strong>Sonstige<\/strong><\/p>\n<p><a href=\"http:\/\/www.suria.at\/?p=450\">Vilser Mundart W\u00f6rterbuch<\/a><br \/>\n<em>Der Untertitel \u201eRed \u2026 odr schei\u00df Buachstab\u00e5\u201c lockt dann den kultivierten Leser schon doch ein bisschen aus der Reserve. Aber so ist Dialekt nun mal: Sehr direkt und ohne lange um den hei\u00dfen Brei zu reden.<\/em><\/p>\n","protected":false},"excerpt":{"rendered":"<p>Gedichte und Gedanken Komm auf meine Gartenbank \u201eGespr\u00e4che auf der Gartenbank\u201c &#8211; Wie die Natur des Gartens ver\u00e4ndern auch wir uns! Es hat sich er\u00f6ffnet &#8230; \u2026- eine neue Zeit? Eine neue Sicht der Dinge? Der Himmel? ernstheiter &#8222;originelle, stimmige Texte, in sch\u00f6nen Bildern kommt pulsierendes Leben hervor!&#8220; Wenn die Traumuhr ein Seil ins Leben [&hellip;]<\/p>\n","protected":false},"author":1,"featured_media":0,"parent":0,"menu_order":0,"comment_status":"closed","ping_status":"closed","template":"","meta":{"footnotes":""},"class_list":["post-1033","page","type-page","status-publish","hentry"],"_links":{"self":[{"href":"https:\/\/www.suria.at\/index.php?rest_route=\/wp\/v2\/pages\/1033","targetHints":{"allow":["GET"]}}],"collection":[{"href":"https:\/\/www.suria.at\/index.php?rest_route=\/wp\/v2\/pages"}],"about":[{"href":"https:\/\/www.suria.at\/index.php?rest_route=\/wp\/v2\/types\/page"}],"author":[{"embeddable":true,"href":"https:\/\/www.suria.at\/index.php?rest_route=\/wp\/v2\/users\/1"}],"replies":[{"embeddable":true,"href":"https:\/\/www.suria.at\/index.php?rest_route=%2Fwp%2Fv2%2Fcomments&post=1033"}],"version-history":[{"count":8,"href":"https:\/\/www.suria.at\/index.php?rest_route=\/wp\/v2\/pages\/1033\/revisions"}],"predecessor-version":[{"id":1139,"href":"https:\/\/www.suria.at\/index.php?rest_route=\/wp\/v2\/pages\/1033\/revisions\/1139"}],"wp:attachment":[{"href":"https:\/\/www.suria.at\/index.php?rest_route=%2Fwp%2Fv2%2Fmedia&parent=1033"}],"curies":[{"name":"wp","href":"https:\/\/api.w.org\/{rel}","templated":true}]}}